{"id":338,"date":"2025-06-12T16:24:12","date_gmt":"2025-06-12T16:24:12","guid":{"rendered":"https:\/\/chairdiamond.com.br\/?page_id=338"},"modified":"2025-06-12T16:42:27","modified_gmt":"2025-06-12T16:42:27","slug":"politica-de-cookies","status":"publish","type":"page","link":"https:\/\/chairdiamond.com.br\/?page_id=338","title":{"rendered":"Pol\u00edtica de Cookies"},"content":{"rendered":"\t\t<div data-elementor-type=\"wp-page\" data-elementor-id=\"338\" class=\"elementor elementor-338\" data-elementor-settings=\"[]\">\n\t\t\t\t\t\t\t<div class=\"elementor-section-wrap\">\n\t\t\t\t\t\t\t<section class=\"elementor-section elementor-top-section elementor-element elementor-element-3280404 elementor-section-boxed elementor-section-height-default elementor-section-height-default\" data-id=\"3280404\" data-element_type=\"section\">\n\t\t\t\t\t\t<div class=\"elementor-container elementor-column-gap-default\">\n\t\t\t\t\t<div class=\"elementor-column elementor-col-100 elementor-top-column elementor-element elementor-element-5a6b0af\" data-id=\"5a6b0af\" data-element_type=\"column\">\n\t\t\t<div class=\"elementor-widget-wrap elementor-element-populated\">\n\t\t\t\t\t\t\t\t<div class=\"elementor-element elementor-element-c69a096 elementor-widget elementor-widget-heading\" data-id=\"c69a096\" data-element_type=\"widget\" data-widget_type=\"heading.default\">\n\t\t\t\t<div class=\"elementor-widget-container\">\n\t\t\t<style>\/*! elementor - v3.5.5 - 03-02-2022 *\/\n.elementor-heading-title{padding:0;margin:0;line-height:1}.elementor-widget-heading .elementor-heading-title[class*=elementor-size-]>a{color:inherit;font-size:inherit;line-height:inherit}.elementor-widget-heading .elementor-heading-title.elementor-size-small{font-size:15px}.elementor-widget-heading .elementor-heading-title.elementor-size-medium{font-size:19px}.elementor-widget-heading .elementor-heading-title.elementor-size-large{font-size:29px}.elementor-widget-heading .elementor-heading-title.elementor-size-xl{font-size:39px}.elementor-widget-heading .elementor-heading-title.elementor-size-xxl{font-size:59px}<\/style><h2 class=\"elementor-heading-title elementor-size-default\">Pol\u00edtica de Cookies<\/h2>\t\t<\/div>\n\t\t\t\t<\/div>\n\t\t\t\t\t<\/div>\n\t\t<\/div>\n\t\t\t\t\t\t\t<\/div>\n\t\t<\/section>\n\t\t\t\t<section class=\"elementor-section elementor-top-section elementor-element elementor-element-308b403 elementor-section-boxed elementor-section-height-default elementor-section-height-default\" data-id=\"308b403\" data-element_type=\"section\">\n\t\t\t\t\t\t<div class=\"elementor-container elementor-column-gap-default\">\n\t\t\t\t\t<div class=\"elementor-column elementor-col-100 elementor-top-column elementor-element elementor-element-0655be1\" data-id=\"0655be1\" data-element_type=\"column\">\n\t\t\t<div class=\"elementor-widget-wrap elementor-element-populated\">\n\t\t\t\t\t\t\t\t<div class=\"elementor-element elementor-element-e635b7c elementor-widget elementor-widget-text-editor\" data-id=\"e635b7c\" data-element_type=\"widget\" data-widget_type=\"text-editor.default\">\n\t\t\t\t<div class=\"elementor-widget-container\">\n\t\t\t<style>\/*! elementor - v3.5.5 - 03-02-2022 *\/\n.elementor-widget-text-editor.elementor-drop-cap-view-stacked .elementor-drop-cap{background-color:#818a91;color:#fff}.elementor-widget-text-editor.elementor-drop-cap-view-framed .elementor-drop-cap{color:#818a91;border:3px solid;background-color:transparent}.elementor-widget-text-editor:not(.elementor-drop-cap-view-default) .elementor-drop-cap{margin-top:8px}.elementor-widget-text-editor:not(.elementor-drop-cap-view-default) .elementor-drop-cap-letter{width:1em;height:1em}.elementor-widget-text-editor .elementor-drop-cap{float:left;text-align:center;line-height:1;font-size:50px}.elementor-widget-text-editor .elementor-drop-cap-letter{display:inline-block}<\/style>\t\t\t\t<p><strong>\u00daltima atualiza\u00e7\u00e3o:<\/strong> Junho\/2025<\/p><p>\u00a0<\/p><h3>O que s\u00e3o cookies?<\/h3><p>Como \u00e9 pr\u00e1tica comum em quase todos os sites profissionais, este site usa cookies, que s\u00e3o pequenos arquivos baixados no seu computador, para melhorar sua experi\u00eancia. Esta p\u00e1gina descreve quais informa\u00e7\u00f5es eles coletam, como as usamos e por que \u00e0s vezes precisamos armazenar esses cookies.<\/p><p>Tamb\u00e9m compartilhamos como voc\u00ea pode impedir que esses cookies sejam armazenados, no entanto, isso pode fazer o downgrade ou \u2018quebrar\u2019 certos elementos da funcionalidade do site.<\/p><h3>Como usamos os cookies?<\/h3><p>Utilizamos cookies por v\u00e1rios motivos, detalhados abaixo. Infelizmente, na maioria dos casos, n\u00e3o existem op\u00e7\u00f5es padr\u00e3o do setor para desativar os cookies sem desativar completamente a funcionalidade e os recursos que eles adicionam a este site.<\/p><p>\u00c9 recomend\u00e1vel que voc\u00ea deixe todos os cookies se n\u00e3o tiver certeza se precisa ou n\u00e3o deles, caso sejam usados para fornecer um servi\u00e7o que voc\u00ea usa.<\/p><h3>Desativar cookies<\/h3><p>Voc\u00ea pode impedir a configura\u00e7\u00e3o de cookies ajustando as configura\u00e7\u00f5es do seu navegador (consulte a Ajuda do navegador para saber como fazer isso). Esteja ciente de que a desativa\u00e7\u00e3o de cookies afetar\u00e1 a funcionalidade deste e de muitos outros sites que voc\u00ea visita. A desativa\u00e7\u00e3o de cookies geralmente resultar\u00e1 na desativa\u00e7\u00e3o de determinadas funcionalidades e recursos deste site. Portanto, \u00e9 recomend\u00e1vel que voc\u00ea n\u00e3o desative os cookies.<\/p><h3>Cookies que definimos<\/h3><ul><li><strong>Cookies relacionados \u00e0 conta:<\/strong> usados para o gerenciamento do processo de inscri\u00e7\u00e3o e administra\u00e7\u00e3o geral.<\/li><li><strong>Cookies relacionados ao login:<\/strong> mant\u00eam voc\u00ea conectado enquanto navega entre p\u00e1ginas.<\/li><li><strong>Cookies de boletins por e-mail:<\/strong> lembram se voc\u00ea est\u00e1 registrado e devem mostrar notifica\u00e7\u00f5es espec\u00edficas.<\/li><li><strong>Cookies de pedidos:<\/strong> essenciais para lembrar informa\u00e7\u00f5es entre as p\u00e1ginas de processo de compra.<\/li><li><strong>Cookies de pesquisas:<\/strong> lembram se voc\u00ea j\u00e1 participou para evitar repeti\u00e7\u00f5es e manter precis\u00e3o dos dados.<\/li><li><strong>Cookies de formul\u00e1rios:<\/strong> lembram dados fornecidos para facilitar comunica\u00e7\u00f5es futuras.<\/li><li><strong>Cookies de prefer\u00eancias do site:<\/strong> armazenam suas prefer\u00eancias para melhorar sua experi\u00eancia.<\/li><\/ul><h3>Cookies de Terceiros<\/h3><p>Em alguns casos especiais, tamb\u00e9m usamos cookies fornecidos por terceiros confi\u00e1veis. Abaixo, listamos quais podem ser utilizados:<\/p><ul><li><strong>Google Analytics:<\/strong> coleta informa\u00e7\u00f5es como tempo gasto no site e p\u00e1ginas visitadas.<\/li><li><strong>Google AdSense:<\/strong> utiliza o cookie DoubleClick para exibir an\u00fancios relevantes e limitar repeti\u00e7\u00f5es.<\/li><li><strong>Cookies de testes A\/B:<\/strong> garantem experi\u00eancias consistentes durante testes de novos recursos.<\/li><li><strong>Cookies de afiliados:<\/strong> rastreiam se o acesso veio de parceiros, para aplicar promo\u00e7\u00f5es ou comiss\u00f5es.<\/li><li><strong>Cookies de publicidade comportamental:<\/strong> apresentam an\u00fancios mais relevantes com base no seu comportamento.<\/li><\/ul><h3>Mais informa\u00e7\u00f5es<\/h3><p>Esperamos que esta pol\u00edtica esteja clara. Como mencionado, se houver algo que voc\u00ea n\u00e3o tem certeza se precisa ou n\u00e3o, geralmente \u00e9 mais seguro deixar os cookies ativados, caso interaja com um dos recursos que voc\u00ea usa em nosso site.<\/p>\t\t\t\t\t\t<\/div>\n\t\t\t\t<\/div>\n\t\t\t\t\t<\/div>\n\t\t<\/div>\n\t\t\t\t\t\t\t<\/div>\n\t\t<\/section>\n\t\t\t\t\t\t<\/div>\n\t\t\t\t\t<\/div>\n\t\t","protected":false},"excerpt":{"rendered":"<p>Pol\u00edtica de Cookies \u00daltima atualiza\u00e7\u00e3o: Junho\/2025 \u00a0 O que s\u00e3o cookies? Como \u00e9 pr\u00e1tica comum em quase todos os sites profissionais, este site usa cookies, que s\u00e3o pequenos arquivos baixados no seu computador, para melhorar sua experi\u00eancia. Esta p\u00e1gina descreve quais informa\u00e7\u00f5es eles coletam, como as usamos e por que \u00e0s vezes precisamos armazenar esses&hellip; <a class=\"more-link\" href=\"https:\/\/chairdiamond.com.br\/?page_id=338\">Continuar lendo <span class=\"screen-reader-text\">Pol\u00edtica de Cookies<\/span><\/a><\/p>\n","protected":false},"author":1,"featured_media":0,"parent":0,"menu_order":0,"comment_status":"closed","ping_status":"closed","template":"elementor_header_footer","meta":{"footnotes":""},"class_list":["post-338","page","type-page","status-publish","hentry","entry"],"_links":{"self":[{"href":"https:\/\/chairdiamond.com.br\/index.php?rest_route=\/wp\/v2\/pages\/338","targetHints":{"allow":["GET"]}}],"collection":[{"href":"https:\/\/chairdiamond.com.br\/index.php?rest_route=\/wp\/v2\/pages"}],"about":[{"href":"https:\/\/chairdiamond.com.br\/index.php?rest_route=\/wp\/v2\/types\/page"}],"author":[{"embeddable":true,"href":"https:\/\/chairdiamond.com.br\/index.php?rest_route=\/wp\/v2\/users\/1"}],"replies":[{"embeddable":true,"href":"https:\/\/chairdiamond.com.br\/index.php?rest_route=%2Fwp%2Fv2%2Fcomments&post=338"}],"version-history":[{"count":16,"href":"https:\/\/chairdiamond.com.br\/index.php?rest_route=\/wp\/v2\/pages\/338\/revisions"}],"predecessor-version":[{"id":360,"href":"https:\/\/chairdiamond.com.br\/index.php?rest_route=\/wp\/v2\/pages\/338\/revisions\/360"}],"wp:attachment":[{"href":"https:\/\/chairdiamond.com.br\/index.php?rest_route=%2Fwp%2Fv2%2Fmedia&parent=338"}],"curies":[{"name":"wp","href":"https:\/\/api.w.org\/{rel}","templated":true}]}}